{"id":241529,"date":"2020-07-01T19:41:59","date_gmt":"2020-07-01T17:41:59","guid":{"rendered":"https:\/\/www.lege.com.pl\/ueber-uns\/"},"modified":"2022-02-22T12:27:42","modified_gmt":"2022-02-22T11:27:42","slug":"ueber-uns","status":"publish","type":"page","link":"https:\/\/www.lege.com.pl\/de\/ueber-uns\/","title":{"rendered":"\u00dcber uns"},"content":{"rendered":"\n\n[et_pb_section fb_built=&#8220;1&#8243; fullwidth=&#8220;on&#8220; _builder_version=&#8220;4.9.3&#8243; _module_preset=&#8220;default&#8220; background_video_mp4=&#8220;https:\/\/www.lege.com.pl\/wp-content\/uploads\/2021\/04\/Lege_20M.mp4&#8243;][et_pb_fullwidth_slider _builder_version=&#8220;4.9.3&#8243; _module_preset=&#8220;default&#8220; background_video_mp4=&#8220;https:\/\/www.lege.com.pl\/wp-content\/uploads\/2021\/04\/Lege_20M.mp4&#8243; custom_margin=&#8220;300px||||false|false&#8220; custom_padding=&#8220;300px||||false|false&#8220;][et_pb_slide _builder_version=&#8220;4.9.3&#8243; _module_preset=&#8220;default&#8220; header_level=&#8220;h2&#8243; header_font=&#8220;Poppins||||||||&#8220; background_enable_color=&#8220;off&#8220; background_enable_video_mp4=&#8220;off&#8220; sticky_transition=&#8220;on&#8220;][\/et_pb_slide][\/et_pb_fullwidth_slider][\/et_pb_section][et_pb_section fb_built=&#8220;1&#8243; _builder_version=&#8220;4.9.3&#8243; _module_preset=&#8220;default&#8220;][\/et_pb_section][et_pb_section fb_built=&#8220;1&#8243; custom_padding_last_edited=&#8220;on|tablet&#8220; admin_label=&#8220;Mozart &#8211; About Page&#8220; module_class=&#8220;moz_about_success&#8220; _builder_version=&#8220;4.9.3&#8243; background_enable_image=&#8220;off&#8220; custom_margin=&#8220;0px||||false|false&#8220; custom_padding=&#8220;0px||6px||false|false&#8220; custom_padding_tablet=&#8220;||0px|&#8220; custom_padding_phone=&#8220;&#8220;][et_pb_row column_structure=&#8220;3_5,2_5&#8243; _builder_version=&#8220;4.4.6&#8243;][et_pb_column type=&#8220;3_5&#8243; _builder_version=&#8220;4.4.6&#8243;][et_pb_cta title=&#8220;Lege opakowania&#8220; admin_label=&#8220;CTA &#8211; Our success is measured&#8220; _builder_version=&#8220;4.6.1&#8243; header_level=&#8220;h1&#8243; header_font=&#8220;Poppins|700|||||||&#8220; header_text_align=&#8220;left&#8220; header_text_color=&#8220;#0a56b2&#8243; header_font_size=&#8220;48px&#8220; body_font=&#8220;Lato||||||||&#8220; body_text_align=&#8220;left&#8220; body_text_color=&#8220;#627792&#8243; body_font_size=&#8220;16px&#8220; body_line_height=&#8220;190%&#8220; use_background_color=&#8220;off&#8220; custom_margin=&#8220;|28px||||&#8220; custom_padding=&#8220;|22px|0px|||&#8220; custom_padding_tablet=&#8220;||10px|&#8220; custom_padding_phone=&#8220;||30px|&#8220; custom_padding_last_edited=&#8220;on|phone&#8220; header_font_size_tablet=&#8220;30px&#8220; header_font_size_phone=&#8220;24px&#8220; header_font_size_last_edited=&#8220;on|phone&#8220; custom_css_promo_title=&#8220;margin-bottom: 21px;||&#8220; button_text_size__hover_enabled=&#8220;off&#8220; button_one_text_size__hover_enabled=&#8220;off&#8220; button_two_text_size__hover_enabled=&#8220;off&#8220; button_text_color__hover_enabled=&#8220;off&#8220; button_one_text_color__hover_enabled=&#8220;off&#8220; button_two_text_color__hover_enabled=&#8220;off&#8220; button_border_width__hover_enabled=&#8220;off&#8220; button_one_border_width__hover_enabled=&#8220;off&#8220; button_two_border_width__hover_enabled=&#8220;off&#8220; button_border_color__hover_enabled=&#8220;off&#8220; button_one_border_color__hover_enabled=&#8220;off&#8220; button_two_border_color__hover_enabled=&#8220;off&#8220; button_border_radius__hover_enabled=&#8220;off&#8220; button_one_border_radius__hover_enabled=&#8220;off&#8220; button_two_border_radius__hover_enabled=&#8220;off&#8220; button_letter_spacing__hover_enabled=&#8220;off&#8220; button_one_letter_spacing__hover_enabled=&#8220;off&#8220; button_two_letter_spacing__hover_enabled=&#8220;off&#8220; button_bg_color__hover_enabled=&#8220;off&#8220; button_one_bg_color__hover_enabled=&#8220;off&#8220; button_two_bg_color__hover_enabled=&#8220;off&#8220;]<h2><strong>ist seit 1993 auf dem Verpackungsmarkt t\u00e4tig. <\/strong><span><\/span><\/h2>[\/et_pb_cta][\/et_pb_column][et_pb_column type=&#8220;2_5&#8243; _builder_version=&#8220;4.4.6&#8243;][et_pb_divider show_divider=&#8220;off&#8220; _builder_version=&#8220;4.4.6&#8243;][\/et_pb_divider][et_pb_cta admin_label=&#8220;CTA &#8211; Our success is measured&#8220; _builder_version=&#8220;4.9.3&#8243; header_level=&#8220;h1&#8243; header_font=&#8220;Poppins|700|||||||&#8220; header_text_align=&#8220;left&#8220; header_text_color=&#8220;#0a56b2&#8243; header_font_size=&#8220;48px&#8220; body_font=&#8220;Lato||||||||&#8220; body_text_align=&#8220;left&#8220; body_text_color=&#8220;#627792&#8243; body_font_size=&#8220;16px&#8220; body_line_height=&#8220;190%&#8220; use_background_color=&#8220;off&#8220; custom_margin=&#8220;|28px||||&#8220; custom_padding=&#8220;|22px|0px|||&#8220; custom_padding_tablet=&#8220;||10px|&#8220; custom_padding_phone=&#8220;||30px|&#8220; custom_padding_last_edited=&#8220;on|phone&#8220; header_font_size_tablet=&#8220;30px&#8220; header_font_size_phone=&#8220;24px&#8220; header_font_size_last_edited=&#8220;on|phone&#8220; custom_css_promo_title=&#8220;margin-bottom: 21px;||&#8220; button_text_size__hover_enabled=&#8220;off&#8220; button_one_text_size__hover_enabled=&#8220;off&#8220; button_two_text_size__hover_enabled=&#8220;off&#8220; button_text_color__hover_enabled=&#8220;off&#8220; button_one_text_color__hover_enabled=&#8220;off&#8220; button_two_text_color__hover_enabled=&#8220;off&#8220; button_border_width__hover_enabled=&#8220;off&#8220; button_one_border_width__hover_enabled=&#8220;off&#8220; button_two_border_width__hover_enabled=&#8220;off&#8220; button_border_color__hover_enabled=&#8220;off&#8220; button_one_border_color__hover_enabled=&#8220;off&#8220; button_two_border_color__hover_enabled=&#8220;off&#8220; button_border_radius__hover_enabled=&#8220;off&#8220; button_one_border_radius__hover_enabled=&#8220;off&#8220; button_two_border_radius__hover_enabled=&#8220;off&#8220; button_letter_spacing__hover_enabled=&#8220;off&#8220; button_one_letter_spacing__hover_enabled=&#8220;off&#8220; button_two_letter_spacing__hover_enabled=&#8220;off&#8220; button_bg_color__hover_enabled=&#8220;off&#8220; button_one_bg_color__hover_enabled=&#8220;off&#8220; button_two_bg_color__hover_enabled=&#8220;off&#8220;]<p>In dieser Zeit hat unser Team ein florierendes, modernes Produktionsunternehmen aufgebaut. <\/p>\n<p><span wfd-id=\"305\">Unsere Erfahrung und unser umfangreicher Maschinenpark sorgen daf\u00fcr, dass die von Ihnen beauftragten Arbeiten umfassend und zuverl\u00e4ssig ausgef\u00fchrt werden<\/span><\/p>[\/et_pb_cta][\/et_pb_column][\/et_pb_row][\/et_pb_section][et_pb_section fb_built=&#8220;1&#8243; admin_label=&#8220;Mozart &#8211; Home&#8220; module_class=&#8220;mozart_footer&#8220; _builder_version=&#8220;4.4.3&#8243; background_enable_color=&#8220;off&#8220; use_background_color_gradient=&#8220;on&#8220; background_color_gradient_end=&#8220;#083a8c&#8220; custom_padding=&#8220;0px||0px|&#8220; custom_css_main_element=&#8220; overflow: hidden;&#8220; global_module=&#8220;215190&#8243; saved_tabs=&#8220;all&#8220;][et_pb_row column_structure=&#8220;1_4,1_4,1_4,1_4&#8243; use_custom_gutter=&#8220;on&#8220; custom_padding_last_edited=&#8220;on|desktop&#8220; admin_label=&#8220;Mozart &#8211; Home&#8220; _builder_version=&#8220;3.25&#8243; max_width=&#8220;1175px&#8220; custom_padding=&#8220;3.1vw||1.3vw|&#8220; custom_padding_tablet=&#8220;40px||10px|&#8220; custom_padding_phone=&#8220;40px||40px|&#8220; use_custom_width=&#8220;on&#8220; custom_width_px=&#8220;1175px&#8220;][et_pb_column type=&#8220;1_4&#8243; _builder_version=&#8220;3.25&#8243; background_position=&#8220;top_left&#8220; custom_padding=&#8220;|||&#8220; custom_css_main_element=&#8220; margin-bottom: 0;&#8220; custom_padding__hover=&#8220;|||&#8220;][et_pb_cta title=&#8220;Branchen&#8220; admin_label=&#8220;Services&#8220; module_class=&#8220;footer_menu&#8220; _builder_version=&#8220;4.4.3&#8243; header_font=&#8220;Poppins|500|||||||&#8220; header_text_align=&#8220;left&#8220; header_text_color=&#8220;#ffffff&#8220; header_font_size=&#8220;24&#8243; header_letter_spacing=&#8220;0.1px&#8220; header_line_height=&#8220;22px&#8220; body_font=&#8220;Lato||||||||&#8220; body_text_align=&#8220;left&#8220; body_text_color=&#8220;#ffffff&#8220; body_font_size=&#8220;16&#8243; use_background_color=&#8220;off&#8220; text_orientation=&#8220;left&#8220; custom_padding=&#8220;|||&#8220; custom_padding_last_edited=&#8220;off|desktop&#8220; header_font_size_tablet=&#8220;22&#8243; header_font_size_phone=&#8220;20&#8243; header_font_size_last_edited=&#8220;on|phone&#8220; custom_css_promo_description=&#8220; padding-bottom: 0 !important;&#8220; custom_css_promo_title=&#8220;padding-bottom: 25px;&#8220; button_text_size__hover_enabled=&#8220;off&#8220; button_one_text_size__hover_enabled=&#8220;off&#8220; button_two_text_size__hover_enabled=&#8220;off&#8220; button_text_color__hover_enabled=&#8220;off&#8220; button_one_text_color__hover_enabled=&#8220;off&#8220; button_two_text_color__hover_enabled=&#8220;off&#8220; button_border_width__hover_enabled=&#8220;off&#8220; button_one_border_width__hover_enabled=&#8220;off&#8220; button_two_border_width__hover_enabled=&#8220;off&#8220; button_border_color__hover_enabled=&#8220;off&#8220; button_one_border_color__hover_enabled=&#8220;off&#8220; button_two_border_color__hover_enabled=&#8220;off&#8220; button_border_radius__hover_enabled=&#8220;off&#8220; button_one_border_radius__hover_enabled=&#8220;off&#8220; button_two_border_radius__hover_enabled=&#8220;off&#8220; button_letter_spacing__hover_enabled=&#8220;off&#8220; button_one_letter_spacing__hover_enabled=&#8220;off&#8220; button_two_letter_spacing__hover_enabled=&#8220;off&#8220; button_bg_color__hover_enabled=&#8220;off&#8220; button_one_bg_color__hover_enabled=&#8220;off&#8220; button_two_bg_color__hover_enabled=&#8220;off&#8220;]Lebensmittel<br>\nE-commerce<br>\nHaus und Garten<br>\nLux<br>\nMedien und Elektronik<br>\nGetr\u00e4nke<br>\nVerkauf<br>\nGesundheit und Sch\u00f6nheit[\/et_pb_cta][\/et_pb_column][et_pb_column type=&#8220;1_4&#8243; _builder_version=&#8220;3.25&#8243; background_position=&#8220;top_left&#8220; custom_padding=&#8220;|||&#8220; custom_padding__hover=&#8220;|||&#8220;][et_pb_cta title=&#8220;Produkte&#8220; admin_label=&#8220;Company&#8220; module_class=&#8220;footer_menu&#8220; _builder_version=&#8220;4.6.0&#8243; header_font=&#8220;Poppins|500|||||||&#8220; header_text_align=&#8220;left&#8220; header_text_color=&#8220;#ffffff&#8220; header_font_size=&#8220;24&#8243; header_letter_spacing=&#8220;0.1px&#8220; header_line_height=&#8220;22px&#8220; body_font=&#8220;Lato||||||||&#8220; body_text_align=&#8220;left&#8220; body_text_color=&#8220;#ffffff&#8220; body_font_size=&#8220;16&#8243; use_background_color=&#8220;off&#8220; text_orientation=&#8220;left&#8220; custom_padding=&#8220;|||&#8220; custom_padding_last_edited=&#8220;off|desktop&#8220; header_font_size_tablet=&#8220;22&#8243; header_font_size_phone=&#8220;20&#8243; header_font_size_last_edited=&#8220;on|phone&#8220; custom_css_promo_description=&#8220; padding-bottom: 0 !important;&#8220; custom_css_promo_title=&#8220;padding-bottom: 25px;&#8220; button_text_size__hover_enabled=&#8220;off&#8220; button_one_text_size__hover_enabled=&#8220;off&#8220; button_two_text_size__hover_enabled=&#8220;off&#8220; button_text_color__hover_enabled=&#8220;off&#8220; button_one_text_color__hover_enabled=&#8220;off&#8220; button_two_text_color__hover_enabled=&#8220;off&#8220; button_border_width__hover_enabled=&#8220;off&#8220; button_one_border_width__hover_enabled=&#8220;off&#8220; button_two_border_width__hover_enabled=&#8220;off&#8220; button_border_color__hover_enabled=&#8220;off&#8220; button_one_border_color__hover_enabled=&#8220;off&#8220; button_two_border_color__hover_enabled=&#8220;off&#8220; button_border_radius__hover_enabled=&#8220;off&#8220; button_one_border_radius__hover_enabled=&#8220;off&#8220; button_two_border_radius__hover_enabled=&#8220;off&#8220; button_letter_spacing__hover_enabled=&#8220;off&#8220; button_one_letter_spacing__hover_enabled=&#8220;off&#8220; button_two_letter_spacing__hover_enabled=&#8220;off&#8220; button_bg_color__hover_enabled=&#8220;off&#8220; button_one_bg_color__hover_enabled=&#8220;off&#8220; button_two_bg_color__hover_enabled=&#8220;off&#8220;]<p><span style=\"color: #ffffff;\"><a href=\"https:\/\/www.lege.com.pl\/de\/wellpappe\/\" style=\"color: #ffffff;\">Standardwellpappe<\/a><\/span><\/p>\n<p><span style=\"color: #ffffff;\"><a href=\"https:\/\/www.lege.com.pl\/de\/wellpappe\/\" style=\"color: #ffffff;\">Sonderwellpappe<\/a><\/span><\/p>\n<p><span style=\"color: #ffffff;\"><a href=\"https:\/\/www.lege.com.pl\/de\/klappenkartons\/\" style=\"color: #ffffff;\">Klappenkartons<\/a><\/span><\/p>\n<p><span style=\"color: #ffffff;\"><a href=\"https:\/\/www.lege.com.pl\/de\/stanzverpackungen\/\" style=\"color: #ffffff;\">Stanzverpackungen<\/a><\/span><\/p>\n<p><span style=\"color: #ffffff;\"><a href=\"https:\/\/www.lege.com.pl\/de\/pos-aufsteller\/\" style=\"color: #ffffff;\">POS-Aufsteller<\/a><\/span><\/p>[\/et_pb_cta][\/et_pb_column][et_pb_column type=&#8220;1_4&#8243; _builder_version=&#8220;3.25&#8243; background_position=&#8220;top_left&#8220; custom_padding=&#8220;|||1.7vw&#8220; custom_padding_tablet=&#8220;&#8220; custom_padding_phone=&#8220;|||0px&#8220; custom_padding_last_edited=&#8220;on|phone&#8220; custom_padding__hover=&#8220;|||&#8220;][et_pb_cta title=&#8220;Unternehmen&#8220; admin_label=&#8220;Links&#8220; module_class=&#8220;footer_menu&#8220; _builder_version=&#8220;4.6.0&#8243; header_font=&#8220;Poppins|500|||||||&#8220; header_text_align=&#8220;left&#8220; header_text_color=&#8220;#ffffff&#8220; header_font_size=&#8220;24&#8243; header_letter_spacing=&#8220;0.1px&#8220; header_line_height=&#8220;22px&#8220; body_font=&#8220;Lato||||||||&#8220; body_text_align=&#8220;left&#8220; body_text_color=&#8220;#ffffff&#8220; body_font_size=&#8220;16&#8243; use_background_color=&#8220;off&#8220; text_orientation=&#8220;left&#8220; custom_padding=&#8220;|||&#8220; custom_padding_last_edited=&#8220;off|desktop&#8220; header_font_size_tablet=&#8220;22&#8243; header_font_size_phone=&#8220;20&#8243; header_font_size_last_edited=&#8220;on|phone&#8220; header_letter_spacing_phone=&#8220;30&#8243; custom_css_promo_description=&#8220; padding-bottom: 0 !important;&#8220; custom_css_promo_title=&#8220;padding-bottom: 25px;&#8220; button_text_size__hover_enabled=&#8220;off&#8220; button_one_text_size__hover_enabled=&#8220;off&#8220; button_two_text_size__hover_enabled=&#8220;off&#8220; button_text_color__hover_enabled=&#8220;off&#8220; button_one_text_color__hover_enabled=&#8220;off&#8220; button_two_text_color__hover_enabled=&#8220;off&#8220; button_border_width__hover_enabled=&#8220;off&#8220; button_one_border_width__hover_enabled=&#8220;off&#8220; button_two_border_width__hover_enabled=&#8220;off&#8220; button_border_color__hover_enabled=&#8220;off&#8220; button_one_border_color__hover_enabled=&#8220;off&#8220; button_two_border_color__hover_enabled=&#8220;off&#8220; button_border_radius__hover_enabled=&#8220;off&#8220; button_one_border_radius__hover_enabled=&#8220;off&#8220; button_two_border_radius__hover_enabled=&#8220;off&#8220; button_letter_spacing__hover_enabled=&#8220;off&#8220; button_one_letter_spacing__hover_enabled=&#8220;off&#8220; button_two_letter_spacing__hover_enabled=&#8220;off&#8220; button_bg_color__hover_enabled=&#8220;off&#8220; button_one_bg_color__hover_enabled=&#8220;off&#8220; button_two_bg_color__hover_enabled=&#8220;off&#8220;]<p><span style=\"color: #ffffff;\"><a href=\"https:\/\/www.lege.com.pl\/de\/ausschreibungen\/\" style=\"color: #ffffff;\">Ausschreibungen<\/a><\/span><\/p>\n<p><span style=\"color: #ffffff;\"><a href=\"https:\/\/www.lege.com.pl\/de\/kontakt-2\/\" style=\"color: #ffffff;\">Kontakt<\/a><\/span><\/p>[\/et_pb_cta][\/et_pb_column][et_pb_column type=&#8220;1_4&#8243; _builder_version=&#8220;3.25&#8243; background_position=&#8220;top_left&#8220; custom_padding=&#8220;|||&#8220; custom_padding__hover=&#8220;|||&#8220;][et_pb_text admin_label=&#8220;Let&#8217;s connect&#8220; _builder_version=&#8220;4.4.3&#8243; text_font=&#8220;Poppins|500|||||||&#8220; text_text_color=&#8220;#ffffff&#8220; text_font_size=&#8220;24px&#8220; text_line_height=&#8220;22px&#8220; header_text_align=&#8220;right&#8220; text_orientation=&#8220;right&#8220; module_alignment=&#8220;right&#8220; custom_margin=&#8220;||38px|&#8220; text_font_size_tablet=&#8220;22&#8243; text_font_size_phone=&#8220;20&#8243; text_font_size_last_edited=&#8220;on|phone&#8220;]<p>Soziale Medien<\/p>[\/et_pb_text][et_pb_social_media_follow icon_color=&#8220;#ffffff&#8220; _builder_version=&#8220;4.4.7&#8243; background_enable_color=&#8220;off&#8220; text_orientation=&#8220;right&#8220; background_layout=&#8220;dark&#8220; custom_margin=&#8220;-10px|||&#8220; custom_padding=&#8220;|14px||&#8220;][et_pb_social_media_follow_network social_network=&#8220;facebook&#8220; url=&#8220;https:\/\/www.facebook.com\/legepackaging\/&#8220; icon_color=&#8220;#0c71c3&#8243; _builder_version=&#8220;4.4.7&#8243; background_color=&#8220;#ffffff&#8220; follow_button=&#8220;off&#8220; url_new_window=&#8220;on&#8220;]facebook[\/et_pb_social_media_follow_network][et_pb_social_media_follow_network social_network=&#8220;youtube&#8220; url=&#8220;https:\/\/www.youtube.com\/channel\/UCcGv_cofKIvQ2gVsTmi6Dvw&#8220; icon_color=&#8220;#ffffff&#8220; _builder_version=&#8220;4.4.7&#8243; background_color=&#8220;#a82400&#8243; follow_button=&#8220;off&#8220; url_new_window=&#8220;on&#8220;]youtube[\/et_pb_social_media_follow_network][et_pb_social_media_follow_network social_network=&#8220;linkedin&#8220; url=&#8220;https:\/\/www.linkedin.com\/company\/lege-packaging\/&#8220; icon_color=&#8220;#ffffff&#8220; _builder_version=&#8220;4.4.7&#8243; background_color=&#8220;#007bb6&#8243; follow_button=&#8220;off&#8220; url_new_window=&#8220;on&#8220;]linkedin[\/et_pb_social_media_follow_network][\/et_pb_social_media_follow][\/et_pb_column][\/et_pb_row][et_pb_row use_custom_gutter=&#8220;on&#8220; gutter_width=&#8220;1&#8243; admin_label=&#8220;Mozart &#8211; Home&#8220; _builder_version=&#8220;3.25&#8243; width=&#8220;100%&#8220; max_width=&#8220;100%&#8220; custom_padding=&#8220;0px||0px|&#8220; custom_css_main_element=&#8220;border-top: 1px solid rgba(20,20,20,0.2);||width: 90% !important;&#8220; use_custom_width=&#8220;on&#8220; width_unit=&#8220;off&#8220; custom_width_percent=&#8220;100%&#8220;][et_pb_column type=&#8220;4_4&#8243; _builder_version=&#8220;3.25&#8243; background_position=&#8220;top_left&#8220; custom_padding=&#8220;|||&#8220; custom_padding__hover=&#8220;|||&#8220;][et_pb_divider color=&#8220;#ffffff&#8220; admin_label=&#8220;Border Here&#8220; _builder_version=&#8220;4.4.3&#8243; height=&#8220;0px&#8220;][\/et_pb_divider][\/et_pb_column][\/et_pb_row][et_pb_row use_custom_gutter=&#8220;on&#8220; gutter_width=&#8220;1&#8243; admin_label=&#8220;Mozart &#8211; Home&#8220; _builder_version=&#8220;3.25&#8243; max_width=&#8220;1175px&#8220; custom_padding=&#8220;0px||18px|||&#8220; use_custom_width=&#8220;on&#8220; custom_width_px=&#8220;1175px&#8220;][et_pb_column type=&#8220;4_4&#8243; _builder_version=&#8220;3.25&#8243; background_position=&#8220;top_left&#8220; custom_padding=&#8220;|||&#8220; custom_padding__hover=&#8220;|||&#8220;][et_pb_text admin_label=&#8220;Copyright Website 2018 | Privacy Policy | Disclaimer | Site Map&#8220; _builder_version=&#8220;4.9.4&#8243; text_font=&#8220;Lato|500|||||||&#8220; text_text_color=&#8220;#ffffff&#8220; text_font_size=&#8220;16px&#8220; text_letter_spacing=&#8220;0.1px&#8220; text_line_height=&#8220;1.5em&#8220; header_text_color=&#8220;#ffffff&#8220; module_alignment=&#8220;center&#8220; custom_margin=&#8220;0px||||false|false&#8220; custom_padding=&#8220;12px||7px|4px|false|false&#8220;]<p>Copyright Lege 2021 | <a href=\"http:\/\/contentlabs.pl\/\">Entworfen von Contentlabs<\/a> | <a href=\"https:\/\/www.lege.com.pl\/rodo\/\">Rodo<\/a><\/p>[\/et_pb_text][\/et_pb_column][\/et_pb_row][\/et_pb_section]\n\n","protected":false},"excerpt":{"rendered":"<p>ist seit 1993 auf dem Verpackungsmarkt t\u00e4tig. In dieser Zeit hat unser Team ein florierendes, modernes Produktionsunternehmen aufgebaut. Unsere Erfahrung und unser umfangreicher Maschinenpark sorgen daf\u00fcr, dass die von Ihnen beauftragten Arbeiten umfassend und zuverl\u00e4ssig ausgef\u00fchrt werdenLebensmittel E-commerce Haus und Garten Lux Medien und Elektronik Getr\u00e4nke Verkauf Gesundheit und Sch\u00f6nheitStandardwellpappe Sonderwellpappe Klappenkartons Stanzverpackungen POS-AufstellerAusschreibungen KontaktSoziale [&hellip;]<\/p>\n","protected":false},"author":1,"featured_media":0,"parent":0,"menu_order":0,"comment_status":"closed","ping_status":"closed","template":"","meta":{"_et_pb_use_builder":"on","_et_pb_old_content":"","_et_gb_content_width":"","content-type":"","footnotes":""},"class_list":["post-241529","page","type-page","status-publish","hentry"],"aioseo_notices":[],"_links":{"self":[{"href":"https:\/\/www.lege.com.pl\/de\/wp-json\/wp\/v2\/pages\/241529","targetHints":{"allow":["GET"]}}],"collection":[{"href":"https:\/\/www.lege.com.pl\/de\/wp-json\/wp\/v2\/pages"}],"about":[{"href":"https:\/\/www.lege.com.pl\/de\/wp-json\/wp\/v2\/types\/page"}],"author":[{"embeddable":true,"href":"https:\/\/www.lege.com.pl\/de\/wp-json\/wp\/v2\/users\/1"}],"replies":[{"embeddable":true,"href":"https:\/\/www.lege.com.pl\/de\/wp-json\/wp\/v2\/comments?post=241529"}],"version-history":[{"count":6,"href":"https:\/\/www.lege.com.pl\/de\/wp-json\/wp\/v2\/pages\/241529\/revisions"}],"predecessor-version":[{"id":244809,"href":"https:\/\/www.lege.com.pl\/de\/wp-json\/wp\/v2\/pages\/241529\/revisions\/244809"}],"wp:attachment":[{"href":"https:\/\/www.lege.com.pl\/de\/wp-json\/wp\/v2\/media?parent=241529"}],"curies":[{"name":"wp","href":"https:\/\/api.w.org\/{rel}","templated":true}]}}