{"id":244408,"date":"2022-02-21T15:31:50","date_gmt":"2022-02-21T14:31:50","guid":{"rendered":"https:\/\/www.lege.com.pl\/zpravy\/"},"modified":"2022-02-21T15:31:50","modified_gmt":"2022-02-21T14:31:50","slug":"zpravy","status":"publish","type":"page","link":"https:\/\/www.lege.com.pl\/cs\/zpravy\/","title":{"rendered":"Zpr\u00e1vy"},"content":{"rendered":"<p>[et_pb_section fb_built=&#8220;1&#8243; custom_padding_last_edited=&#8220;on|tablet&#8220; admin_label=&#8220;Mozart &#8211; About Page&#8220; module_class=&#8220;moz_about_success&#8220; _builder_version=&#8220;4.9.4&#8243; background_color=&#8220;RGBA(0,0,0,0)&#8220; custom_padding=&#8220;||||false|false&#8220; custom_padding_tablet=&#8220;||0px|&#8220; custom_padding_phone=&#8220;&#8220; global_colors_info=&#8220;{}&#8220;][et_pb_row _builder_version=&#8220;4.4.6&#8243; global_colors_info=&#8220;{}&#8220;][et_pb_column type=&#8220;4_4&#8243; _builder_version=&#8220;4.4.6&#8243; global_colors_info=&#8220;{}&#8220;][et_pb_cta admin_label=&#8220;CTA &#8211; The story of us&#8220; _builder_version=&#8220;4.4.6&#8243; header_font=&#8220;Poppins|300||on|||||&#8220; header_text_color=&#8220;#ffffff&#8220; header_font_size=&#8220;15px&#8220; header_letter_spacing=&#8220;6px&#8220; body_font=&#8220;Poppins|500|||||||&#8220; body_text_color=&#8220;#ffffff&#8220; body_font_size=&#8220;60px&#8220; background_color=&#8220;#608ad8&#8243; use_background_color_gradient=&#8220;on&#8220; background_color_gradient_start=&#8220;#1f4b9e&#8220; background_color_gradient_end=&#8220;#00205b&#8220; background_color_gradient_type=&#8220;radial&#8220; background_color_gradient_direction_radial=&#8220;top right&#8220; background_color_gradient_start_position=&#8220;13%&#8220; background_color_gradient_end_position=&#8220;94%&#8220; background_size=&#8220;initial&#8220; background_position=&#8220;top_left&#8220; background_repeat=&#8220;repeat&#8220; text_orientation=&#8220;left&#8220; max_width=&#8220;951px&#8220; custom_margin=&#8220;||||false|false&#8220; custom_margin_tablet=&#8220;|0px||&#8220; custom_margin_phone=&#8220;&#8220; custom_margin_last_edited=&#8220;on|desktop&#8220; custom_padding=&#8220;||||false|false&#8220; custom_padding_tablet=&#8220;40px|40px|40px|40px&#8220; custom_padding_phone=&#8220;&#8220; custom_padding_last_edited=&#8220;on|tablet&#8220; animation_style=&#8220;slide&#8220; animation_direction=&#8220;right&#8220; header_font_size_tablet=&#8220;&#8220; header_font_size_phone=&#8220;20px&#8220; header_font_size_last_edited=&#8220;on|desktop&#8220; body_font_size_tablet=&#8220;30px&#8220; body_font_size_phone=&#8220;24px&#8220; body_font_size_last_edited=&#8220;on|desktop&#8220; custom_css_promo_description=&#8220;line-height: 119% !important;|| padding-bottom: 9px !important;||letter-spacing: 1.2px;&#8220; custom_css_promo_title=&#8220;padding-bottom: 9px !important;|| letter-spacing: 0;&#8220; global_colors_info=&#8220;{}&#8220; button_text_size__hover_enabled=&#8220;off&#8220; button_one_text_size__hover_enabled=&#8220;off&#8220; button_two_text_size__hover_enabled=&#8220;off&#8220; button_text_color__hover_enabled=&#8220;off&#8220; button_one_text_color__hover_enabled=&#8220;off&#8220; button_two_text_color__hover_enabled=&#8220;off&#8220; button_border_width__hover_enabled=&#8220;off&#8220; button_one_border_width__hover_enabled=&#8220;off&#8220; button_two_border_width__hover_enabled=&#8220;off&#8220; button_border_color__hover_enabled=&#8220;off&#8220; button_one_border_color__hover_enabled=&#8220;off&#8220; button_two_border_color__hover_enabled=&#8220;off&#8220; button_border_radius__hover_enabled=&#8220;off&#8220; button_one_border_radius__hover_enabled=&#8220;off&#8220; button_two_border_radius__hover_enabled=&#8220;off&#8220; button_letter_spacing__hover_enabled=&#8220;off&#8220; button_one_letter_spacing__hover_enabled=&#8220;off&#8220; button_two_letter_spacing__hover_enabled=&#8220;off&#8220; button_bg_color__hover_enabled=&#8220;off&#8220; button_one_bg_color__hover_enabled=&#8220;off&#8220; button_two_bg_color__hover_enabled=&#8220;off&#8220;]<\/p>\n<p>ZPR\u00c1VY<\/p>\n<p>[\/et_pb_cta][\/et_pb_column][\/et_pb_row][et_pb_row _builder_version=&#8220;4.4.6&#8243; global_colors_info=&#8220;{}&#8220;][et_pb_column type=&#8220;4_4&#8243; _builder_version=&#8220;4.4.6&#8243; global_colors_info=&#8220;{}&#8220;][et_pb_blog fullwidth=&#8220;off&#8220; posts_number=&#8220;20&#8243; show_author=&#8220;off&#8220; show_date=&#8220;off&#8220; show_categories=&#8220;off&#8220; _builder_version=&#8220;4.14.2&#8243; hover_enabled=&#8220;0&#8243; global_colors_info=&#8220;{}&#8220; sticky_enabled=&#8220;0&#8243;][\/et_pb_blog][\/et_pb_column][\/et_pb_row][\/et_pb_section][et_pb_section fb_built=&#8220;1&#8243; admin_label=&#8220;Mozart &#8211; Home&#8220; module_class=&#8220;mozart_footer&#8220; _builder_version=&#8220;4.4.3&#8243; background_enable_color=&#8220;off&#8220; use_background_color_gradient=&#8220;on&#8220; background_color_gradient_end=&#8220;#083a8c&#8220; custom_padding=&#8220;0px||0px|&#8220; custom_css_main_element=&#8220; overflow: hidden;&#8220; global_module=&#8220;215190&#8243; saved_tabs=&#8220;all&#8220; global_colors_info=&#8220;{}&#8220;][et_pb_row column_structure=&#8220;1_4,1_4,1_4,1_4&#8243; use_custom_gutter=&#8220;on&#8220; custom_padding_last_edited=&#8220;on|desktop&#8220; admin_label=&#8220;Mozart &#8211; Domov&#8220; _builder_version=&#8220;3.25&#8243; max_width=&#8220;1175px&#8220; custom_padding=&#8220;3.1vw||1.3vw|&#8220; custom_padding_tablet=&#8220;40px||10px|&#8220; custom_padding_phone=&#8220;40px||40px|&#8220; use_custom_width=&#8220;on&#8220; custom_width_px=&#8220;1175px&#8220; global_colors_info=&#8220;{}&#8220;][et_pb_column type=&#8220;1_4&#8243; _builder_version=&#8220;3.25&#8243; background_position=&#8220;top_left&#8220; custom_padding=&#8220;|||&#8220; custom_css_main_element=&#8220; margin-bottom: 0;&#8220; global_colors_info=&#8220;{}&#8220; custom_padding__hover=&#8220;|||&#8220;][et_pb_cta title=&#8220;Pr\u016fmyslov\u00e1 odv\u011btv\u00ed&#8220; admin_label=&#8220;Services&#8220; module_class=&#8220;footer_menu&#8220; _builder_version=&#8220;4.4.3&#8243; header_font=&#8220;Poppins|500|||||||&#8220; header_text_align=&#8220;left&#8220; header_text_color=&#8220;#ffffff&#8220; header_font_size=&#8220;24&#8243; header_letter_spacing=&#8220;0.1px&#8220; header_line_height=&#8220;22px&#8220; body_font=&#8220;Lato||||||||&#8220; body_text_align=&#8220;left&#8220; body_text_color=&#8220;#ffffff&#8220; body_font_size=&#8220;16&#8243; use_background_color=&#8220;off&#8220; text_orientation=&#8220;left&#8220; custom_padding=&#8220;|||&#8220; custom_padding_last_edited=&#8220;off|desktop&#8220; header_font_size_tablet=&#8220;22&#8243; header_font_size_phone=&#8220;20&#8243; header_font_size_last_edited=&#8220;on|phone&#8220; custom_css_promo_description=&#8220; padding-bottom: 0 !important;&#8220; custom_css_promo_title=&#8220;padding-bottom: 25px;&#8220; global_colors_info=&#8220;{}&#8220; button_text_size__hover_enabled=&#8220;off&#8220; button_one_text_size__hover_enabled=&#8220;off&#8220; button_two_text_size__hover_enabled=&#8220;off&#8220; button_text_color__hover_enabled=&#8220;off&#8220; button_one_text_color__hover_enabled=&#8220;off&#8220; button_two_text_color__hover_enabled=&#8220;off&#8220; button_border_width__hover_enabled=&#8220;off&#8220; button_one_border_width__hover_enabled=&#8220;off&#8220; button_two_border_width__hover_enabled=&#8220;off&#8220; button_border_color__hover_enabled=&#8220;off&#8220; button_one_border_color__hover_enabled=&#8220;off&#8220; button_two_border_color__hover_enabled=&#8220;off&#8220; button_border_radius__hover_enabled=&#8220;off&#8220; button_one_border_radius__hover_enabled=&#8220;off&#8220; button_two_border_radius__hover_enabled=&#8220;off&#8220; button_letter_spacing__hover_enabled=&#8220;off&#8220; button_one_letter_spacing__hover_enabled=&#8220;off&#8220; button_two_letter_spacing__hover_enabled=&#8220;off&#8220; button_bg_color__hover_enabled=&#8220;off&#8220; button_one_bg_color__hover_enabled=&#8220;off&#8220; button_two_bg_color__hover_enabled=&#8220;off&#8220;]Koloni\u00e1l<br \/>\nE-commerce<br \/>\nD\u016fm a zahrada<br \/>\nLux<br \/>\nM\u00e9dia a elektronika<br \/>\nN\u00e1poje<br \/>\nProdej<br \/>\nZdrav\u00ed a kr\u00e1sa[\/et_pb_cta][\/et_pb_column][et_pb_column type=&#8220;1_4&#8243; _builder_version=&#8220;3.25&#8243; background_position=&#8220;top_left&#8220; custom_padding=&#8220;|||&#8220; global_colors_info=&#8220;{}&#8220; custom_padding__hover=&#8220;|||&#8220;][et_pb_cta title=&#8220;produkty&#8220; admin_label=&#8220;Company&#8220; module_class=&#8220;footer_menu&#8220; _builder_version=&#8220;4.6.0&#8243; header_font=&#8220;Poppins|500|||||||&#8220; header_text_align=&#8220;left&#8220; header_text_color=&#8220;#ffffff&#8220; header_font_size=&#8220;24&#8243; header_letter_spacing=&#8220;0.1px&#8220; header_line_height=&#8220;22px&#8220; body_font=&#8220;Lato||||||||&#8220; body_text_align=&#8220;left&#8220; body_text_color=&#8220;#ffffff&#8220; body_font_size=&#8220;16&#8243; use_background_color=&#8220;off&#8220; text_orientation=&#8220;left&#8220; custom_padding=&#8220;|||&#8220; custom_padding_last_edited=&#8220;off|desktop&#8220; header_font_size_tablet=&#8220;22&#8243; header_font_size_phone=&#8220;20&#8243; header_font_size_last_edited=&#8220;on|phone&#8220; custom_css_promo_description=&#8220; padding-bottom: 0 !important;&#8220; custom_css_promo_title=&#8220;padding-bottom: 25px;&#8220; global_colors_info=&#8220;{}&#8220; button_text_size__hover_enabled=&#8220;off&#8220; button_one_text_size__hover_enabled=&#8220;off&#8220; button_two_text_size__hover_enabled=&#8220;off&#8220; button_text_color__hover_enabled=&#8220;off&#8220; button_one_text_color__hover_enabled=&#8220;off&#8220; button_two_text_color__hover_enabled=&#8220;off&#8220; button_border_width__hover_enabled=&#8220;off&#8220; button_one_border_width__hover_enabled=&#8220;off&#8220; button_two_border_width__hover_enabled=&#8220;off&#8220; button_border_color__hover_enabled=&#8220;off&#8220; button_one_border_color__hover_enabled=&#8220;off&#8220; button_two_border_color__hover_enabled=&#8220;off&#8220; button_border_radius__hover_enabled=&#8220;off&#8220; button_one_border_radius__hover_enabled=&#8220;off&#8220; button_two_border_radius__hover_enabled=&#8220;off&#8220; button_letter_spacing__hover_enabled=&#8220;off&#8220; button_one_letter_spacing__hover_enabled=&#8220;off&#8220; button_two_letter_spacing__hover_enabled=&#8220;off&#8220; button_bg_color__hover_enabled=&#8220;off&#8220; button_one_bg_color__hover_enabled=&#8220;off&#8220; button_two_bg_color__hover_enabled=&#8220;off&#8220;]<\/p>\n<p><span style=\"color: #ffffff;\"><a href=\"https:\/\/www.lege.com.pl\/tektury\/\" style=\"color: #ffffff;\">Standardn\u00ed lepenka<\/a><\/span><\/p>\n<p><span style=\"color: #ffffff;\"><a href=\"https:\/\/www.lege.com.pl\/tektury\/\" style=\"color: #ffffff;\">Speci\u00e1ln\u00ed lepenka<\/a><\/span><\/p>\n<p><span style=\"color: #ffffff;\"><a href=\"https:\/\/www.lege.com.pl\/kartony-klapowe\/\" style=\"color: #ffffff;\">Klapka kartonov\u00fdch krabic<\/a><\/span><\/p>\n<p><span style=\"color: #ffffff;\"><a href=\"https:\/\/www.lege.com.pl\/kartony-fasonowe\/\" style=\"color: #ffffff;\">Vysekan\u00e9 kartonov\u00e9 krabice<\/a><\/span><\/p>\n<p><span style=\"color: #ffffff;\"><a href=\"https:\/\/www.lege.com.pl\/cs\/?page_id=244131\" style=\"color: #ffffff;\">Stojany<\/a><\/span><\/p>\n<p>[\/et_pb_cta][\/et_pb_column][et_pb_column type=&#8220;1_4&#8243; _builder_version=&#8220;3.25&#8243; background_position=&#8220;top_left&#8220; custom_padding=&#8220;|||1.7vw&#8220; custom_padding_tablet=&#8220;&#8220; custom_padding_phone=&#8220;|||0px&#8220; custom_padding_last_edited=&#8220;on|phone&#8220; global_colors_info=&#8220;{}&#8220; custom_padding__hover=&#8220;|||&#8220;][et_pb_cta title=&#8220;podnik\u00e1n\u00ed&#8220; admin_label=&#8220;Links&#8220; module_class=&#8220;footer_menu&#8220; _builder_version=&#8220;4.6.0&#8243; header_font=&#8220;Poppins|500|||||||&#8220; header_text_align=&#8220;left&#8220; header_text_color=&#8220;#ffffff&#8220; header_font_size=&#8220;24&#8243; header_letter_spacing=&#8220;0.1px&#8220; header_line_height=&#8220;22px&#8220; body_font=&#8220;Lato||||||||&#8220; body_text_align=&#8220;left&#8220; body_text_color=&#8220;#ffffff&#8220; body_font_size=&#8220;16&#8243; use_background_color=&#8220;off&#8220; text_orientation=&#8220;left&#8220; custom_padding=&#8220;|||&#8220; custom_padding_last_edited=&#8220;off|desktop&#8220; header_font_size_tablet=&#8220;22&#8243; header_font_size_phone=&#8220;20&#8243; header_font_size_last_edited=&#8220;on|phone&#8220; header_letter_spacing_phone=&#8220;30&#8243; custom_css_promo_description=&#8220; padding-bottom: 0 !important;&#8220; custom_css_promo_title=&#8220;padding-bottom: 25px;&#8220; global_colors_info=&#8220;{}&#8220; button_text_size__hover_enabled=&#8220;off&#8220; button_one_text_size__hover_enabled=&#8220;off&#8220; button_two_text_size__hover_enabled=&#8220;off&#8220; button_text_color__hover_enabled=&#8220;off&#8220; button_one_text_color__hover_enabled=&#8220;off&#8220; button_two_text_color__hover_enabled=&#8220;off&#8220; button_border_width__hover_enabled=&#8220;off&#8220; button_one_border_width__hover_enabled=&#8220;off&#8220; button_two_border_width__hover_enabled=&#8220;off&#8220; button_border_color__hover_enabled=&#8220;off&#8220; button_one_border_color__hover_enabled=&#8220;off&#8220; button_two_border_color__hover_enabled=&#8220;off&#8220; button_border_radius__hover_enabled=&#8220;off&#8220; button_one_border_radius__hover_enabled=&#8220;off&#8220; button_two_border_radius__hover_enabled=&#8220;off&#8220; button_letter_spacing__hover_enabled=&#8220;off&#8220; button_one_letter_spacing__hover_enabled=&#8220;off&#8220; button_two_letter_spacing__hover_enabled=&#8220;off&#8220; button_bg_color__hover_enabled=&#8220;off&#8220; button_one_bg_color__hover_enabled=&#8220;off&#8220; button_two_bg_color__hover_enabled=&#8220;off&#8220;]<\/p>\n<p><span style=\"color: #ffffff;\"><a href=\"https:\/\/www.lege.com.pl\/cs\/nabidky\/\" style=\"color: #ffffff;\">Nab\u00eddky<\/a><\/span><\/p>\n<p><span style=\"color: #ffffff;\"><a href=\"https:\/\/www.lege.com.pl\/kontakt\/\" style=\"color: #ffffff;\">Kontakt<\/a><\/span><\/p>\n<p>[\/et_pb_cta][\/et_pb_column][et_pb_column type=&#8220;1_4&#8243; _builder_version=&#8220;3.25&#8243; background_position=&#8220;top_left&#8220; custom_padding=&#8220;|||&#8220; global_colors_info=&#8220;{}&#8220; custom_padding__hover=&#8220;|||&#8220;][\/et_pb_column][\/et_pb_row][et_pb_row use_custom_gutter=&#8220;on&#8220; gutter_width=&#8220;1&#8243; admin_label=&#8220;Mozart &#8211; Domov&#8220; _builder_version=&#8220;3.25&#8243; width=&#8220;100%&#8220; max_width=&#8220;100%&#8220; custom_padding=&#8220;0px||0px|&#8220; custom_css_main_element=&#8220;border-top: 1px solid rgba(20,20,20,0.2);||width: 90% !important;&#8220; use_custom_width=&#8220;on&#8220; width_unit=&#8220;off&#8220; custom_width_percent=&#8220;100%&#8220; global_colors_info=&#8220;{}&#8220;][et_pb_column type=&#8220;4_4&#8243; _builder_version=&#8220;3.25&#8243; background_position=&#8220;top_left&#8220; custom_padding=&#8220;|||&#8220; global_colors_info=&#8220;{}&#8220; custom_padding__hover=&#8220;|||&#8220;][et_pb_divider color=&#8220;#ffffff&#8220; admin_label=&#8220;Border Here&#8220; _builder_version=&#8220;4.4.3&#8243; height=&#8220;0px&#8220; global_colors_info=&#8220;{}&#8220;][\/et_pb_divider][\/et_pb_column][\/et_pb_row][et_pb_row use_custom_gutter=&#8220;on&#8220; gutter_width=&#8220;1&#8243; admin_label=&#8220;Mozart &#8211; Domov&#8220; _builder_version=&#8220;3.25&#8243; max_width=&#8220;1175px&#8220; custom_padding=&#8220;0px||18px|||&#8220; use_custom_width=&#8220;on&#8220; custom_width_px=&#8220;1175px&#8220; global_colors_info=&#8220;{}&#8220;][et_pb_column type=&#8220;4_4&#8243; _builder_version=&#8220;3.25&#8243; background_position=&#8220;top_left&#8220; custom_padding=&#8220;|||&#8220; global_colors_info=&#8220;{}&#8220; custom_padding__hover=&#8220;|||&#8220;][et_pb_text admin_label=&#8220;Copyright Website 2018 | Privacy Policy | Disclaimer | Site Map&#8220; _builder_version=&#8220;4.9.4&#8243; text_font=&#8220;Lato|500|||||||&#8220; text_text_color=&#8220;#ffffff&#8220; text_font_size=&#8220;16px&#8220; text_letter_spacing=&#8220;0.1px&#8220; text_line_height=&#8220;1.5em&#8220; header_text_color=&#8220;#ffffff&#8220; module_alignment=&#8220;center&#8220; custom_margin=&#8220;0px||||false|false&#8220; custom_padding=&#8220;12px||7px|4px|false|false&#8220; global_colors_info=&#8220;{}&#8220;]<\/p>\n<p>Copyright Lege 2021 | <a href=\"http:\/\/contentlabs.pl\/\">Designed by Contentlabs<\/a> | <a href=\"https:\/\/www.lege.com.pl\/rodo\/\">Rodo<\/a><\/p>\n<p>[\/et_pb_text][\/et_pb_column][\/et_pb_row][\/et_pb_section]<\/p>\n","protected":false},"excerpt":{"rendered":"<p>ZPR\u00c1VYKoloni\u00e1l E-commerce D\u016fm a zahrada Lux M\u00e9dia a elektronika N\u00e1poje Prodej Zdrav\u00ed a kr\u00e1saStandardn\u00ed lepenka Speci\u00e1ln\u00ed lepenka Klapka kartonov\u00fdch krabic Vysekan\u00e9 kartonov\u00e9 krabice StojanyNab\u00eddky KontaktCopyright Lege 2021 | Designed by Contentlabs | Rodo<\/p>\n","protected":false},"author":1,"featured_media":0,"parent":0,"menu_order":0,"comment_status":"closed","ping_status":"closed","template":"","meta":{"_et_pb_use_builder":"on","_et_pb_old_content":"","_et_gb_content_width":"","content-type":"","footnotes":""},"class_list":["post-244408","page","type-page","status-publish","hentry"],"aioseo_notices":[],"_links":{"self":[{"href":"https:\/\/www.lege.com.pl\/cs\/wp-json\/wp\/v2\/pages\/244408","targetHints":{"allow":["GET"]}}],"collection":[{"href":"https:\/\/www.lege.com.pl\/cs\/wp-json\/wp\/v2\/pages"}],"about":[{"href":"https:\/\/www.lege.com.pl\/cs\/wp-json\/wp\/v2\/types\/page"}],"author":[{"embeddable":true,"href":"https:\/\/www.lege.com.pl\/cs\/wp-json\/wp\/v2\/users\/1"}],"replies":[{"embeddable":true,"href":"https:\/\/www.lege.com.pl\/cs\/wp-json\/wp\/v2\/comments?post=244408"}],"version-history":[{"count":3,"href":"https:\/\/www.lege.com.pl\/cs\/wp-json\/wp\/v2\/pages\/244408\/revisions"}],"predecessor-version":[{"id":244418,"href":"https:\/\/www.lege.com.pl\/cs\/wp-json\/wp\/v2\/pages\/244408\/revisions\/244418"}],"wp:attachment":[{"href":"https:\/\/www.lege.com.pl\/cs\/wp-json\/wp\/v2\/media?parent=244408"}],"curies":[{"name":"wp","href":"https:\/\/api.w.org\/{rel}","templated":true}]}}